{"id":6823,"date":"2023-03-22T17:23:38","date_gmt":"2023-03-22T16:23:38","guid":{"rendered":"https:\/\/sounds-promotion.de\/ray-wilson\/"},"modified":"2025-11-24T15:06:22","modified_gmt":"2025-11-24T14:06:22","slug":"ray-wilson","status":"publish","type":"page","link":"https:\/\/sounds-promotion.de\/en\/ray-wilson\/","title":{"rendered":"Ray Wilson"},"content":{"rendered":"<div class=\"wpb-content-wrapper\"><p>[vc_row content_width=&#8221;grid&#8221; css=&#8221;.vc_custom_1458725716530{padding-top: 131px !important;padding-bottom: 22px !important;}&#8221;][vc_column offset=&#8221;vc_col-lg-4 vc_col-md-4&#8243;]<div class=\"edgtf-numbered-title\">\n\t<div class=\"edgtf-nt-number\" >\n\t\t<span>\n\t\t\t#\t\t<\/span>\n\t<\/div>\n\t<div class=\"edgtf-nt-title-subtitle-holder\">\n\t\t<span class=\"edgtf-nt-subtitle\" >\n\t\t\t\t\t<\/span>\n\t\t<h3 >\n\t\t\tstrong stage presence\t\t<\/h3>\n\t<\/div>\n<\/div>[vc_empty_space height=&#8221;23px&#8221;][vc_column_text]RAY WILSON, named one of Britain&#8217;s top singers by &#8220;Classic Rock Magazine&#8221;, is known for his strong stage presence and inspiring performances. His show promises a unique concert experience for anyone who appreciates good live music.<\/p>\n<p>RAY WILSON&#8217;s international music career began in 1994 with grunge sensation STILTSKIN, when he stormed the charts with the number one hit &#8220;INSIDE.&#8221; The song ran for years as a worldwide TV commercial for the jeans company &#8220;Levi&#8217;s&#8221;.[\/vc_column_text][\/vc_column][vc_column offset=&#8221;vc_col-lg-4 vc_col-md-4&#8243;]<div class=\"edgtf-numbered-title\">\n\t<div class=\"edgtf-nt-number\" >\n\t\t<span>\n\t\t\t#\t\t<\/span>\n\t<\/div>\n\t<div class=\"edgtf-nt-title-subtitle-holder\">\n\t\t<span class=\"edgtf-nt-subtitle\" >\n\t\t\t\t\t<\/span>\n\t\t<h3 >\n\t\t\tMember of GENESIS\t\t<\/h3>\n\t<\/div>\n<\/div>[vc_empty_space height=&#8221;23px&#8221;][vc_column_text]In 1997, the Scotsman then joined British rock legends GENESIS, where he replaced Phil Collins as vocalist. With the jointly produced GENESIS album &#8220;CALLING ALL STATIONS&#8221; they went on a successful stadium tour throughout Europe and North America.<\/p>\n<p>After the breakup of GENESIS, RAY WILSON played in Germany with music greats like Marius M\u00fcller-Westernhagen and the Turntablerocker, among others. He was on stage with the Scorpions and the Berlin Philharmonic Orchestra for the opening concert of the EXPO World Exposition in Hanover.[\/vc_column_text][\/vc_column][vc_column offset=&#8221;vc_col-lg-4 vc_col-md-4&#8243;]<div class=\"edgtf-numbered-title\">\n\t<div class=\"edgtf-nt-number\" style=\"color:#000000\">\n\t\t<span>\n\t\t\t#\t\t<\/span>\n\t<\/div>\n\t<div class=\"edgtf-nt-title-subtitle-holder\">\n\t\t<span class=\"edgtf-nt-subtitle\" >\n\t\t\t\t\t<\/span>\n\t\t<h3 >\n\t\t\tSolo career\t\t<\/h3>\n\t<\/div>\n<\/div>[vc_empty_space height=&#8221;23px&#8221;][vc_column_text]In 2003 RAY WILSON released his first solo album &#8220;CHANGE&#8221; and presented it during his tour &#8211; with over 50 shows in Germany alone &#8211; together with Joe Jackson and the band SAGA. For the song &#8220;YET ANOTHER DAY&#8221; from the same album, he collaborated with Dutch star DJ Armin Van Buuren; the song easily reached #1 in the dance charts. RAY WILSON went on tour in Europe in the following years with Dolores O&#8217;Riordan of the CRANBERRIES and SUPERTRAMP frontman Roger Hodgson.[\/vc_column_text][\/vc_column][\/vc_row][vc_row content_width=&#8221;grid&#8221;][vc_column]<div class=\"edgtf-separator-holder clearfix  edgtf-separator-center edgtf-separator-full-width\">\n\t<div class=\"edgtf-separator\" style=\"border-color: rgba(191,191,191,0.79);border-bottom-width: 1px;margin-top: 82px;margin-bottom: 100px\"><\/div>\n<\/div>\n[\/vc_column][\/vc_row][vc_row row_type=&#8221;parallax&#8221; content_width=&#8221;grid&#8221; header_style=&#8221;edgtf-dark-header&#8221; full_screen_section_height=&#8221;no&#8221; section_height=&#8221;700px&#8221; parallax_background_image=&#8221;5732&#8243; css=&#8221;.vc_custom_1677579484262{padding-top: 6.3% !important;padding-bottom: 5.9% !important;}&#8221;][vc_column width=&#8221;1\/2&#8243;][vc_empty_space height=&#8221;10px&#8221;]\n<p class=\"edgtf-section-subtitle\" style=\"text-align:center;color:#ffffff\">\n\tBook Ray Wilson<\/p>[vc_empty_space][vc_column_text]<\/p>\n<h2 style=\"text-align: center;\"><span style=\"color: #ffffff;\">Ray Wilson Booking Request<\/span><\/h2>\n<p>[\/vc_column_text][vc_empty_space][vc_column_text]<\/p>\n<h3 style=\"text-align: center;\"><span style=\"color: #ffffff;\">Andre Wegener<\/span><\/h3>\n<p>[\/vc_column_text][vc_empty_space height=&#8221;52px&#8221;][vc_column_text]<\/p>\n<h3 style=\"text-align: center;\"><span style=\"color: #ffffff;\">Tel.: +49 (0)3385 50 37 31<\/span><\/h3>\n<p>[\/vc_column_text][\/vc_column][vc_column width=&#8221;1\/2&#8243;][vc_empty_space height=&#8221;10px&#8221;][vc_column_text]<\/p>\n<h3><span style=\"color: #ffffff;\">Booking request by e-mail<\/span><\/h3>\n<p>[\/vc_column_text][vc_empty_space height=&#8221;15px&#8221;]<div class=\"wpforms-container wpforms-container-full\" id=\"wpforms-6957\"><form id=\"wpforms-form-6957\" class=\"wpforms-validate wpforms-form wpforms-ajax-form\" data-formid=\"6957\" method=\"post\" enctype=\"multipart\/form-data\" action=\"\/en\/wp-json\/wp\/v2\/pages\/6823\" data-token=\"e2846edeed666f424c3dc2349c9bb519\" data-token-time=\"1775689212\"><noscript class=\"wpforms-error-noscript\">Please enable JavaScript in your browser to complete this form.<\/noscript><div class=\"wpforms-field-container\"><div id=\"wpforms-6957-field_0-container\" class=\"wpforms-field wpforms-field-name\" data-field-id=\"0\"><label class=\"wpforms-field-label wpforms-label-hide\" for=\"wpforms-6957-field_0\">Name <span class=\"wpforms-required-label\">*<\/span><\/label><div class=\"wpforms-field-row wpforms-field-medium\"><div class=\"wpforms-field-row-block wpforms-first wpforms-one-half\"><input type=\"text\" id=\"wpforms-6957-field_0\" class=\"wpforms-field-name-first wpforms-field-required\" name=\"wpforms[fields][0][first]\" placeholder=\"Your first name\" required><label for=\"wpforms-6957-field_0\" class=\"wpforms-field-sublabel after wpforms-sublabel-hide\">First<\/label><\/div><div class=\"wpforms-field-row-block wpforms-one-half\"><input type=\"text\" id=\"wpforms-6957-field_0-last\" class=\"wpforms-field-name-last wpforms-field-required\" name=\"wpforms[fields][0][last]\" placeholder=\"Your last name\" required><label for=\"wpforms-6957-field_0-last\" class=\"wpforms-field-sublabel after wpforms-sublabel-hide\">Last<\/label><\/div><\/div><\/div><div id=\"wpforms-6957-field_1-container\" class=\"wpforms-field wpforms-field-email\" data-field-id=\"1\"><label class=\"wpforms-field-label wpforms-label-hide\" for=\"wpforms-6957-field_1\">E-Mail <span class=\"wpforms-required-label\">*<\/span><\/label><input type=\"email\" id=\"wpforms-6957-field_1\" class=\"wpforms-field-medium wpforms-field-required\" name=\"wpforms[fields][1]\" placeholder=\"E-Mail\" spellcheck=\"false\" required><\/div><div id=\"wpforms-6957-field_3-container\" class=\"wpforms-field wpforms-field-text\" data-field-id=\"3\"><label class=\"wpforms-field-label wpforms-label-hide\" for=\"wpforms-6957-field_3\">Topic<\/label><input type=\"text\" id=\"wpforms-6957-field_3\" class=\"wpforms-field-medium\" name=\"wpforms[fields][3]\" placeholder=\"Your topic\" ><\/div><div id=\"wpforms-6957-field_2-container\" class=\"wpforms-field wpforms-field-textarea\" data-field-id=\"2\"><label class=\"wpforms-field-label wpforms-label-hide\" for=\"wpforms-6957-field_2\">your message<\/label><textarea id=\"wpforms-6957-field_2\" class=\"wpforms-field-medium\" name=\"wpforms[fields][2]\" placeholder=\"your message\" ><\/textarea><\/div><\/div><!-- .wpforms-field-container --><div class=\"wpforms-recaptcha-container wpforms-is-hcaptcha\" ><div class=\"h-captcha\" data-sitekey=\"426e00db-b673-4b0f-a2a5-f6b8870fc7b6\"><\/div><input type=\"text\" name=\"g-recaptcha-hidden\" class=\"wpforms-recaptcha-hidden\" style=\"position:absolute!important;clip:rect(0,0,0,0)!important;height:1px!important;width:1px!important;border:0!important;overflow:hidden!important;padding:0!important;margin:0!important;\" data-rule-hcaptcha=\"1\"><\/div><div class=\"wpforms-submit-container\" ><input type=\"hidden\" name=\"wpforms[id]\" value=\"6957\"><input type=\"hidden\" name=\"page_title\" value=\"\"><input type=\"hidden\" name=\"page_url\" value=\"https:\/\/sounds-promotion.de\/en\/wp-json\/wp\/v2\/pages\/6823\"><input type=\"hidden\" name=\"url_referer\" value=\"\"><button type=\"submit\" name=\"wpforms[submit]\" id=\"wpforms-submit-6957\" class=\"wpforms-submit\" data-alt-text=\"send\u2026\" data-submit-text=\"send\" aria-live=\"assertive\" value=\"wpforms-submit\">send<\/button><img loading=\"lazy\" decoding=\"async\" src=\"https:\/\/sounds-promotion.de\/wp-content\/plugins\/wpforms-lite\/assets\/images\/submit-spin.svg\" class=\"wpforms-submit-spinner\" style=\"display: none;\" width=\"26\" height=\"26\" alt=\"Loading\"><\/div><\/form><\/div>  <!-- .wpforms-container -->[\/vc_column][\/vc_row][vc_row content_width=&#8221;grid&#8221; css=&#8221;.vc_custom_1677060351760{margin-top: 65px !important;}&#8221;][vc_column][vc_empty_space][vc_column_text]<\/p>\n<h3 style=\"text-align: center;\">Photos, Videos &amp; Concert Dates<\/h3>\n<p>[\/vc_column_text][vc_empty_space][\/vc_column][\/vc_row][vc_row content_width=&#8221;grid&#8221; css=&#8221;.vc_custom_1458723006401{padding-bottom: 132px !important;}&#8221;][vc_column width=&#8221;1\/2&#8243; offset=&#8221;vc_col-lg-6 vc_col-md-12&#8243;][vc_empty_space height=&#8221;33px&#8221;][vc_single_image image=&#8221;6668&#8243; img_size=&#8221;large&#8221; onclick=&#8221;link_image&#8221; css_animation=&#8221;bounceIn&#8221;][vc_empty_space height=&#8221;25px&#8221;][vc_single_image image=&#8221;6699&#8243; img_size=&#8221;large&#8221;][vc_empty_space height=&#8221;25px&#8221;][vc_single_image image=&#8221;6700&#8243; img_size=&#8221;large&#8221;][vc_empty_space height=&#8221;25px&#8221;][vc_video link=&#8221;https:\/\/youtu.be\/eUp2MAtxpfs&#8221;][vc_empty_space height=&#8221;25px&#8221;][vc_video link=&#8221;https:\/\/youtu.be\/5fXTFoAk-OE&#8221;][vc_empty_space height=&#8221;25px&#8221;][vc_video link=&#8221;https:\/\/youtu.be\/nk7DQWgqvDY&#8221;][vc_empty_space height=&#8221;25px&#8221;][vc_video link=&#8221;https:\/\/youtu.be\/Q7Ht8odFnIA&#8221;][\/vc_column][vc_column width=&#8221;1\/2&#8243;][vc_empty_space height=&#8221;33px&#8221;][vc_column_text]<strong>Ray Wilson Concerts &amp; Performances<\/strong><\/p>\n<a href=\"https:\/\/de.raywilson.net\/\" target=\"_blank\"  class=\"edgtf-btn edgtf-btn-small edgtf-btn-solid\"  >\n    <span class=\"edgtf-btn-text\">to the artist website<\/span><i class=\"edgtf-icon-font-awesome fa  edgtf-btn-icon-holder\" ><\/i><\/a>\n<p><strong>28.11.2025<\/strong><br \/>\nAschaffenburg (GER) \u2013 Colos Saal<\/p>\n<p><strong>29.11.2025<\/strong><br \/>\nZoetermeer (NLD) &#8211; Poppodium Boerderij<\/p>\n<p><strong>05.12.2015<\/strong><br \/>\nIsernhagen (GER) \u2013 Blues Garage<\/p>\n<p><strong>06.12.2025<\/strong><br \/>\nIsernhagen (GER) \u2013 Blues Garage<\/p>\n<p><strong>08.12.2025<\/strong><br \/>\nBucharest (ROU) &#8211; Konzertsaal Athener<\/p>\n<p><strong>11.12.2025<\/strong><br \/>\nBochum (GER) &#8211; Christuskirche<\/p>\n<p><strong>12.12.2025<\/strong><br \/>\nBochum (GER) \u2013 Christuskirche<\/p>\n<p><strong>18.12.2025<\/strong><br \/>\nBydgoszcz (PL) &#8211; Filharmonia Pomorska<\/p>\n<p><strong>02.01.2026<\/strong><br \/>\nBad Kissingen (GER) &#8211; Kurtheater<\/p>\n<p><strong>04.01.2026<\/strong><br \/>\nRzesz\u00f3w (PL) &#8211; ZEN. COM EXPO<\/p>\n<p><strong>05.01.2026<\/strong><br \/>\nLublin (PL) &#8211; Centrum Spotkania Kultur<\/p>\n<p><strong>08.01.2026<\/strong><br \/>\nSchwarzenberg (GER) &#8211; Ratskeller<\/p>\n<p><strong>10.01.2026<\/strong><br \/>\nToru\u0144 (PL) &#8211; Sala Koncertowa<\/p>\n<p><strong>11.01.2026<\/strong><br \/>\nGda\u0144sk (PL) &#8211; Stary Mane\u017c<\/p>\n<p><strong>06.02.2026<\/strong><br \/>\nBielsko-Bia\u0142a (PL) &#8211; Cavatina Hall &#8211; Sala g\u0142\u00f3wna<\/p>\n<p><strong>07.02.2026 <\/strong><br \/>\nPozna\u0144 (PL) &#8211; Aula UAM (Adam Mickiewicz University Hall)<\/p>\n<p><strong>08.02.2026<\/strong><br \/>\nSzczecin (PL) &#8211; Filharmonia im. Mieczys\u0142awa Kar\u0142owicza<\/p>\n<p><strong>12.02.2026<\/strong><br \/>\nAhrensburg (GER) &#8211; Alfred-Rust-Saal<\/p>\n<p><strong>13.02.2026<\/strong><br \/>\nSchenefeld (GER) &#8211; FORUM<\/p>\n<p><strong>14.02.2026<\/strong><br \/>\nWinsen\/Luhe (GER) &#8211; Stadthalle Winsen<\/p>\n<p><strong>16.02.2026<\/strong><br \/>\nWroc\u0142aw (PL) &#8211; Narodowe Forum Muzyki<\/p>\n<p><strong>19.02.2026<\/strong><br \/>\nDiepholz (GER) &#8211; Theater der Stadt Diepholz<\/p>\n<p><strong>20.02.2026<\/strong><br \/>\nNortheim (GER) &#8211; Stadthalle<\/p>\n<p><strong>21.02.2026<\/strong><br \/>\nSoltau (GER) &#8211; Aula des Gymnasiums<\/p>\n<p><strong>27.02.2026<\/strong><br \/>\nDuisburg (GER) &#8211; Steinhof<\/p>\n<p><strong>28.02.2026<\/strong><br \/>\nBad Homburg (GER) &#8211; Kurtheater<\/p>\n<p><strong>04.03.2026<\/strong><br \/>\nB\u00fcnde (GER) &#8211; Universum B\u00fcnde<\/p>\n<p><strong>05.03.2026<\/strong><br \/>\nB\u00fcnde (GER) &#8211; Universum B\u00fcnde<\/p>\n<p><strong>06.03.2026<\/strong><br \/>\nIsernhagen (GER) &#8211; Blues Garage<\/p>\n<p><strong>07.03.2026<\/strong><br \/>\nAffalter (GER) &#8211; Gasthof zur Linde<\/p>\n<p><strong>12.03.2026<\/strong><br \/>\nWiesbaden-Breckenheim (GER) &#8211; Vereinshaus Breckenheim<\/p>\n<p><strong>13.03.2026<\/strong><br \/>\nBern (CH) &#8211; ONO Das Kulturlokal<\/p>\n<p><strong>14.03.2026<\/strong><br \/>\nBern (CH) &#8211; ONO Das Kulturlokal<\/p>\n<p><strong>19.03.2026<\/strong><br \/>\nDresden (GER) &#8211; Boulevardtheater<\/p>\n<p><strong>20.03.2026<\/strong><br \/>\nBurgebrach (GER) &#8211; Steigerwald Halle<\/p>\n<p><strong>21.03.2026<\/strong><br \/>\nLeipzig (GER) &#8211; Peterskirche<\/p>\n<p><strong>27.03.2026<\/strong><br \/>\nFreising (GER) &#8211; Lindenkeller &#8211; Unterhaus<\/p>\n<p><strong>28.03.2026<\/strong><br \/>\nWinterbach (GER) &#8211; Lehenbachhalle<\/p>\n<p><strong>10.04.2026<\/strong><br \/>\nBensheim (GER) &#8211; Musiktheater REX<\/p>\n<p><strong>11.04.2026<\/strong><br \/>\nSonderhausen (GER) &#8211; Klubhaus Stocksen<\/p>\n<p><strong>18.04.2026<\/strong><br \/>\nOlomouc (CZ) &#8211; Bounty Rock Caf\u00e9<\/p>\n<p><strong>24.04.2026<\/strong><br \/>\nRathenow (GER) &#8211; Kulturzentrum<\/p>\n<p><strong>25.04.2026<\/strong><br \/>\nWilhelmshaven (GER) &#8211; Kulturzentrum Pumpwerk<\/p>\n<p><strong>26.04.2026<\/strong><br \/>\nL\u00fcbeck (GER) &#8211; Kolosseum<\/p>\n<p><strong>15.05.2026<\/strong><br \/>\nBad Elster (GER) &#8211; K\u00f6nig Albert Theater<\/p>\n<p><strong>16.05.2026<\/strong><br \/>\nLindau\/Bodensee (GER) &#8211; Club Vaudeville Lindau<\/p>\n<p><strong>23.05.2026<\/strong><br \/>\nBad Lippspringe (GER) &#8211; Arminuspark \/ Parkfestival<\/p>\n<p><strong>29.05.2026<\/strong><br \/>\nCelle (GER) &#8211; CD-Kaserne gGmbH &#8211; Youth &amp; Convention Centre<\/p>\n<p><strong>30.05.2026 <\/strong><br \/>\nWassenberg-Effeld (GER) &#8211; Liegewiese am Amici Beach (Effelder Waldsee)<\/p>\n<p><strong>09.10.2026<\/strong><br \/>\nRostock (GER) &#8211; Kulturb\u00fchne Moya<\/p>\n<p><strong>10.10.2026<\/strong><br \/>\nNeubrandenburg (GER) &#8211; Konzertkirche<\/p>\n<p><strong>13.11.2026<\/strong><br \/>\nBad Saarow (GER) &#8211; Theater am See<\/p>\n<p><strong>14.11.2026<\/strong><br \/>\nBerlin (GER) &#8211; F\/G\/M Center<br \/>\n[\/vc_column_text][\/vc_column][\/vc_row][vc_row content_width=&#8221;grid&#8221;][vc_column][vc_empty_space][\/vc_column][\/vc_row]<\/p>\n<\/div>","protected":false},"excerpt":{"rendered":"<p>[vc_row content_width=&#8221;grid&#8221; css=&#8221;.vc_custom_1458725716530{padding-top: 131px !important;padding-bottom: 22px !important;}&#8221;][vc_column offset=&#8221;vc_col-lg-4 vc_col-md-4&#8243;][vc_empty_space height=&#8221;23px&#8221;][vc_column_text]RAY WILSON, named one of Britain&#8217;s top singers by &#8220;Classic Rock Magazine&#8221;, is known for his strong stage presence and inspiring performances. His show promises a unique concert experience for anyone who appreciates good live music&#8230;.<\/p>\n","protected":false},"author":1,"featured_media":0,"parent":0,"menu_order":0,"comment_status":"closed","ping_status":"closed","template":"","meta":{"footnotes":""},"class_list":["post-6823","page","type-page","status-publish","hentry"],"yoast_head":"<!-- This site is optimized with the Yoast SEO plugin v27.3 - https:\/\/yoast.com\/product\/yoast-seo-wordpress\/ -->\n<title>Ray Wilson Concert - Booking Request<\/title>\n<meta name=\"description\" content=\"Ray Wilson former singer of GENESIS book as concert event \u27a5 make booking request now\" \/>\n<meta name=\"robots\" content=\"index, follow, max-snippet:-1, max-image-preview:large, max-video-preview:-1\" \/>\n<link rel=\"canonical\" href=\"https:\/\/sounds-promotion.de\/en\/ray-wilson\/\" \/>\n<meta property=\"og:locale\" content=\"en_US\" \/>\n<meta property=\"og:type\" content=\"article\" \/>\n<meta property=\"og:title\" content=\"Ray Wilson Concert - Booking Request\" \/>\n<meta property=\"og:description\" content=\"Ray Wilson former singer of GENESIS book as concert event \u27a5 make booking request now\" \/>\n<meta property=\"og:url\" content=\"https:\/\/sounds-promotion.de\/en\/ray-wilson\/\" \/>\n<meta property=\"og:site_name\" content=\"Sounds Promotion\" \/>\n<meta property=\"article:modified_time\" content=\"2025-11-24T14:06:22+00:00\" \/>\n<meta name=\"twitter:card\" content=\"summary_large_image\" \/>\n<meta name=\"twitter:label1\" content=\"Est. reading time\" \/>\n\t<meta name=\"twitter:data1\" content=\"5 minutes\" \/>\n<script type=\"application\/ld+json\" class=\"yoast-schema-graph\">{\"@context\":\"https:\\\/\\\/schema.org\",\"@graph\":[{\"@type\":\"WebPage\",\"@id\":\"https:\\\/\\\/sounds-promotion.de\\\/en\\\/ray-wilson\\\/\",\"url\":\"https:\\\/\\\/sounds-promotion.de\\\/en\\\/ray-wilson\\\/\",\"name\":\"Ray Wilson Concert - Booking Request\",\"isPartOf\":{\"@id\":\"https:\\\/\\\/sounds-promotion.de\\\/en\\\/#website\"},\"datePublished\":\"2023-03-22T16:23:38+00:00\",\"dateModified\":\"2025-11-24T14:06:22+00:00\",\"description\":\"Ray Wilson former singer of GENESIS book as concert event \u27a5 make booking request now\",\"breadcrumb\":{\"@id\":\"https:\\\/\\\/sounds-promotion.de\\\/en\\\/ray-wilson\\\/#breadcrumb\"},\"inLanguage\":\"en-US\",\"potentialAction\":[{\"@type\":\"ReadAction\",\"target\":[\"https:\\\/\\\/sounds-promotion.de\\\/en\\\/ray-wilson\\\/\"]}]},{\"@type\":\"BreadcrumbList\",\"@id\":\"https:\\\/\\\/sounds-promotion.de\\\/en\\\/ray-wilson\\\/#breadcrumb\",\"itemListElement\":[{\"@type\":\"ListItem\",\"position\":1,\"name\":\"Startseite\",\"item\":\"https:\\\/\\\/sounds-promotion.de\\\/en\\\/\"},{\"@type\":\"ListItem\",\"position\":2,\"name\":\"Ray Wilson\"}]},{\"@type\":\"WebSite\",\"@id\":\"https:\\\/\\\/sounds-promotion.de\\\/en\\\/#website\",\"url\":\"https:\\\/\\\/sounds-promotion.de\\\/en\\\/\",\"name\":\"Sounds Promotion\",\"description\":\"\",\"potentialAction\":[{\"@type\":\"SearchAction\",\"target\":{\"@type\":\"EntryPoint\",\"urlTemplate\":\"https:\\\/\\\/sounds-promotion.de\\\/en\\\/?s={search_term_string}\"},\"query-input\":{\"@type\":\"PropertyValueSpecification\",\"valueRequired\":true,\"valueName\":\"search_term_string\"}}],\"inLanguage\":\"en-US\"}]}<\/script>\n<!-- \/ Yoast SEO plugin. -->","yoast_head_json":{"title":"Ray Wilson Concert - Booking Request","description":"Ray Wilson former singer of GENESIS book as concert event \u27a5 make booking request now","robots":{"index":"index","follow":"follow","max-snippet":"max-snippet:-1","max-image-preview":"max-image-preview:large","max-video-preview":"max-video-preview:-1"},"canonical":"https:\/\/sounds-promotion.de\/en\/ray-wilson\/","og_locale":"en_US","og_type":"article","og_title":"Ray Wilson Concert - Booking Request","og_description":"Ray Wilson former singer of GENESIS book as concert event \u27a5 make booking request now","og_url":"https:\/\/sounds-promotion.de\/en\/ray-wilson\/","og_site_name":"Sounds Promotion","article_modified_time":"2025-11-24T14:06:22+00:00","twitter_card":"summary_large_image","twitter_misc":{"Est. reading time":"5 minutes"},"schema":{"@context":"https:\/\/schema.org","@graph":[{"@type":"WebPage","@id":"https:\/\/sounds-promotion.de\/en\/ray-wilson\/","url":"https:\/\/sounds-promotion.de\/en\/ray-wilson\/","name":"Ray Wilson Concert - Booking Request","isPartOf":{"@id":"https:\/\/sounds-promotion.de\/en\/#website"},"datePublished":"2023-03-22T16:23:38+00:00","dateModified":"2025-11-24T14:06:22+00:00","description":"Ray Wilson former singer of GENESIS book as concert event \u27a5 make booking request now","breadcrumb":{"@id":"https:\/\/sounds-promotion.de\/en\/ray-wilson\/#breadcrumb"},"inLanguage":"en-US","potentialAction":[{"@type":"ReadAction","target":["https:\/\/sounds-promotion.de\/en\/ray-wilson\/"]}]},{"@type":"BreadcrumbList","@id":"https:\/\/sounds-promotion.de\/en\/ray-wilson\/#breadcrumb","itemListElement":[{"@type":"ListItem","position":1,"name":"Startseite","item":"https:\/\/sounds-promotion.de\/en\/"},{"@type":"ListItem","position":2,"name":"Ray Wilson"}]},{"@type":"WebSite","@id":"https:\/\/sounds-promotion.de\/en\/#website","url":"https:\/\/sounds-promotion.de\/en\/","name":"Sounds Promotion","description":"","potentialAction":[{"@type":"SearchAction","target":{"@type":"EntryPoint","urlTemplate":"https:\/\/sounds-promotion.de\/en\/?s={search_term_string}"},"query-input":{"@type":"PropertyValueSpecification","valueRequired":true,"valueName":"search_term_string"}}],"inLanguage":"en-US"}]}},"_links":{"self":[{"href":"https:\/\/sounds-promotion.de\/en\/wp-json\/wp\/v2\/pages\/6823","targetHints":{"allow":["GET"]}}],"collection":[{"href":"https:\/\/sounds-promotion.de\/en\/wp-json\/wp\/v2\/pages"}],"about":[{"href":"https:\/\/sounds-promotion.de\/en\/wp-json\/wp\/v2\/types\/page"}],"author":[{"embeddable":true,"href":"https:\/\/sounds-promotion.de\/en\/wp-json\/wp\/v2\/users\/1"}],"replies":[{"embeddable":true,"href":"https:\/\/sounds-promotion.de\/en\/wp-json\/wp\/v2\/comments?post=6823"}],"version-history":[{"count":29,"href":"https:\/\/sounds-promotion.de\/en\/wp-json\/wp\/v2\/pages\/6823\/revisions"}],"predecessor-version":[{"id":7817,"href":"https:\/\/sounds-promotion.de\/en\/wp-json\/wp\/v2\/pages\/6823\/revisions\/7817"}],"wp:attachment":[{"href":"https:\/\/sounds-promotion.de\/en\/wp-json\/wp\/v2\/media?parent=6823"}],"curies":[{"name":"wp","href":"https:\/\/api.w.org\/{rel}","templated":true}]}}